{"id":1681,"date":"2025-08-22T10:44:14","date_gmt":"2025-08-22T07:44:14","guid":{"rendered":"https:\/\/cosmeticsbeautyhair.ro\/?page_id=1681"},"modified":"2025-08-22T10:44:14","modified_gmt":"2025-08-22T07:44:14","slug":"romexpo-app","status":"publish","type":"page","link":"https:\/\/cosmeticsbeautyhair.ro\/en\/romexpo-app\/","title":{"rendered":"ROMEXPO APP"},"content":{"rendered":"<div class=\"wpb-content-wrapper\"><div class=\"vc_row wpb_row vc_row-fluid vc_custom_1561964015799 vc_row-o-equal-height vc_row-o-content-middle vc_row-flex\"><div class=\"wpb_column vc_column_container vc_col-sm-12\"><div class=\"vc_column-inner vc_custom_1561963982378\"><div class=\"wpb_wrapper\">\n\t<div class=\"wpb_text_column wpb_content_element\" >\n\t\t<div class=\"wpb_wrapper\">\n\t\t\t<p style=\"text-align: justify;\">Aplica\u021bia ROMEXPO este instrumentul digital care transform\u0103 modul \u00een care expozan\u021bii \u0219i vizitatorii interac\u021bioneaz\u0103 la t\u00e2rguri \u0219i expozi\u021bii. Creat\u0103 special pentru mediul de business, aplica\u021bia \u00ee\u021bi ofer\u0103 oportunitatea de a face networking eficient, de a genera lead-uri valoroase \u0219i de a avea acces rapid la toate facilit\u0103\u021bile unui eveniment.<\/p>\n<p style=\"text-align: justify;\">Prin func\u021bia de\u00a0<strong>networking inteligent<\/strong>, po\u021bi identifica rapid companiile \u0219i profesioni\u0219tii relevan\u021bi pentru domeniul t\u0103u, \u00ee\u021bi po\u021bi programa \u00eent\u00e2lniri de afaceri \u0219i po\u021bi construi parteneriate durabile. Totul este simplu \u0219i accesibil, direct de pe telefonul t\u0103u.<\/p>\n<p style=\"text-align: justify;\">Aplica\u021bia \u00ee\u021bi ofer\u0103 \u0219i un sistem modern de\u00a0<strong>generare de lead-uri<\/strong>, prin care colectezi contactele dorite cu o singur\u0103 scanare de cod QR. Expozan\u021bii \u00ee\u0219i pot promova mai u\u0219or produsele \u0219i serviciile, iar vizitatorii B2B pot accesa instant informa\u021biile companiilor de interes.<\/p>\n<p style=\"text-align: justify;\"><strong>Accesul la evenimente este acum mai rapid \u0219i mai sigur datorit\u0103 scan\u0103rii codurilor QR din aplica\u021bie.<\/strong>\u00a0Fiecare participant are la dispozi\u021bie badge-ul digital, agenda personalizat\u0103 a t\u00e2rgului, notific\u0103ri \u00een timp real despre conferin\u021be \u0219i workshopuri, precum \u0219i recomand\u0103ri adaptate intereselor sale.<\/p>\n<p style=\"text-align: justify;\">Fie c\u0103 e\u0219ti expozant, vizitator sau partener, aplica\u021bia ROMEXPO este cheia c\u0103tre o experien\u021b\u0103 mai interactiv\u0103, mai eficient\u0103 \u0219i mai profitabil\u0103. Conecteaz\u0103-te cu comunitatea de afaceri, valorific\u0103 fiecare \u00eent\u00e2lnire \u0219i descoper\u0103 noi oportunit\u0103\u021bi printr-o singur\u0103 platform\u0103 digital\u0103.<\/p>\n<p>&nbsp;<\/p>\n<h3><strong><a href=\"https:\/\/qrco.de\/romexpomobileapp\"><img decoding=\"async\" class=\"emoji aligncenter\" role=\"img\" draggable=\"false\" src=\"https:\/\/s.w.org\/images\/core\/emoji\/16.0.1\/svg\/1f449.svg\" alt=\"\ud83d\udc49\" \/>\u00a0Descarc\u0103 aplica\u021bia \u0219i intr\u0103 \u00een re\u021beaua de business ROMEXPO!<\/a><\/strong><\/h3>\n\n\t\t<\/div>\n\t<\/div>\n<\/div><\/div><\/div><\/div>\n<\/div>","protected":false},"excerpt":{"rendered":"<p>Aplica\u021bia ROMEXPO este instrumentul digital care transform\u0103 modul \u00een care expozan\u021bii \u0219i vizitatorii interac\u021bioneaz\u0103 la t\u00e2rguri \u0219i expozi\u021bii. Creat\u0103 special pentru mediul de business, aplica\u021bia \u00ee\u021bi ofer\u0103 oportunitatea de a face networking eficient, de a genera lead-uri valoroase \u0219i de a avea acces rapid la toate facilit\u0103\u021bile unui eveniment. Prin func\u021bia de\u00a0networking inteligent, po\u021bi identifica&hellip;<\/p>","protected":false},"author":1,"featured_media":0,"parent":0,"menu_order":0,"comment_status":"closed","ping_status":"closed","template":"","meta":{"_monsterinsights_skip_tracking":false,"_monsterinsights_sitenote_active":false,"_monsterinsights_sitenote_note":"","_monsterinsights_sitenote_category":0,"_uf_show_specific_survey":0,"_uf_disable_surveys":false,"footnotes":""},"class_list":["post-1681","page","type-page","status-publish","hentry","description-off"],"aioseo_notices":[],"yoast_head":"<!-- This site is optimized with the Yoast SEO plugin v27.4 - https:\/\/yoast.com\/product\/yoast-seo-wordpress\/ -->\n<title>ROMEXPO APP - COSMETICS BEAUTY HAIR 2025<\/title>\n<meta name=\"robots\" content=\"index, follow, max-snippet:-1, max-image-preview:large, max-video-preview:-1\" \/>\n<link rel=\"canonical\" href=\"https:\/\/cosmeticsbeautyhair.ro\/en\/romexpo-app\/\" \/>\n<meta property=\"og:locale\" content=\"en_US\" \/>\n<meta property=\"og:type\" content=\"article\" \/>\n<meta property=\"og:title\" content=\"ROMEXPO APP - COSMETICS BEAUTY HAIR 2025\" \/>\n<meta property=\"og:url\" content=\"https:\/\/cosmeticsbeautyhair.ro\/en\/romexpo-app\/\" \/>\n<meta property=\"og:site_name\" content=\"COSMETICS BEAUTY HAIR 2025\" \/>\n<meta property=\"article:publisher\" content=\"https:\/\/www.facebook.com\/RomexpoSA\" \/>\n<meta property=\"og:image\" content=\"https:\/\/s.w.org\/images\/core\/emoji\/16.0.1\/svg\/1f449.svg\" \/>\n<meta name=\"twitter:card\" content=\"summary_large_image\" \/>\n<meta name=\"twitter:label1\" content=\"Est. reading time\" \/>\n\t<meta name=\"twitter:data1\" content=\"1 minute\" \/>\n<script type=\"application\/ld+json\" class=\"yoast-schema-graph\">{\"@context\":\"https:\\\/\\\/schema.org\",\"@graph\":[{\"@type\":\"WebPage\",\"@id\":\"https:\\\/\\\/cosmeticsbeautyhair.ro\\\/romexpo-app\\\/\",\"url\":\"https:\\\/\\\/cosmeticsbeautyhair.ro\\\/romexpo-app\\\/\",\"name\":\"ROMEXPO APP - COSMETICS BEAUTY HAIR 2025\",\"isPartOf\":{\"@id\":\"https:\\\/\\\/cosmeticsbeautyhair.ro\\\/#website\"},\"primaryImageOfPage\":{\"@id\":\"https:\\\/\\\/cosmeticsbeautyhair.ro\\\/romexpo-app\\\/#primaryimage\"},\"image\":{\"@id\":\"https:\\\/\\\/cosmeticsbeautyhair.ro\\\/romexpo-app\\\/#primaryimage\"},\"thumbnailUrl\":\"https:\\\/\\\/s.w.org\\\/images\\\/core\\\/emoji\\\/16.0.1\\\/svg\\\/1f449.svg\",\"datePublished\":\"2025-08-22T07:44:14+00:00\",\"breadcrumb\":{\"@id\":\"https:\\\/\\\/cosmeticsbeautyhair.ro\\\/romexpo-app\\\/#breadcrumb\"},\"inLanguage\":\"en-US\",\"potentialAction\":[{\"@type\":\"ReadAction\",\"target\":[\"https:\\\/\\\/cosmeticsbeautyhair.ro\\\/romexpo-app\\\/\"]}]},{\"@type\":\"ImageObject\",\"inLanguage\":\"en-US\",\"@id\":\"https:\\\/\\\/cosmeticsbeautyhair.ro\\\/romexpo-app\\\/#primaryimage\",\"url\":\"https:\\\/\\\/s.w.org\\\/images\\\/core\\\/emoji\\\/16.0.1\\\/svg\\\/1f449.svg\",\"contentUrl\":\"https:\\\/\\\/s.w.org\\\/images\\\/core\\\/emoji\\\/16.0.1\\\/svg\\\/1f449.svg\"},{\"@type\":\"BreadcrumbList\",\"@id\":\"https:\\\/\\\/cosmeticsbeautyhair.ro\\\/romexpo-app\\\/#breadcrumb\",\"itemListElement\":[{\"@type\":\"ListItem\",\"position\":1,\"name\":\"Home\",\"item\":\"https:\\\/\\\/cosmeticsbeautyhair.ro\\\/\"},{\"@type\":\"ListItem\",\"position\":2,\"name\":\"ROMEXPO APP\"}]},{\"@type\":\"WebSite\",\"@id\":\"https:\\\/\\\/cosmeticsbeautyhair.ro\\\/#website\",\"url\":\"https:\\\/\\\/cosmeticsbeautyhair.ro\\\/\",\"name\":\"Cosmetics Beauty Hair\",\"description\":\"COSMETICS BEAUTY HAIR 2025\",\"publisher\":{\"@id\":\"https:\\\/\\\/cosmeticsbeautyhair.ro\\\/#organization\"},\"potentialAction\":[{\"@type\":\"SearchAction\",\"target\":{\"@type\":\"EntryPoint\",\"urlTemplate\":\"https:\\\/\\\/cosmeticsbeautyhair.ro\\\/?s={search_term_string}\"},\"query-input\":{\"@type\":\"PropertyValueSpecification\",\"valueRequired\":true,\"valueName\":\"search_term_string\"}}],\"inLanguage\":\"en-US\"},{\"@type\":\"Organization\",\"@id\":\"https:\\\/\\\/cosmeticsbeautyhair.ro\\\/#organization\",\"name\":\"Cosmetics Beauty Hair\",\"url\":\"https:\\\/\\\/cosmeticsbeautyhair.ro\\\/\",\"logo\":{\"@type\":\"ImageObject\",\"inLanguage\":\"en-US\",\"@id\":\"https:\\\/\\\/cosmeticsbeautyhair.ro\\\/#\\\/schema\\\/logo\\\/image\\\/\",\"url\":\"https:\\\/\\\/cosmeticsbeautyhair.ro\\\/wp-content\\\/uploads\\\/2025\\\/06\\\/Cosmetics-Sigla-1.png\",\"contentUrl\":\"https:\\\/\\\/cosmeticsbeautyhair.ro\\\/wp-content\\\/uploads\\\/2025\\\/06\\\/Cosmetics-Sigla-1.png\",\"width\":191,\"height\":91,\"caption\":\"Cosmetics Beauty Hair\"},\"image\":{\"@id\":\"https:\\\/\\\/cosmeticsbeautyhair.ro\\\/#\\\/schema\\\/logo\\\/image\\\/\"},\"sameAs\":[\"https:\\\/\\\/www.facebook.com\\\/RomexpoSA\",\"https:\\\/\\\/www.linkedin.com\\\/company\\\/romexpo-bucuresti\",\"https:\\\/\\\/www.instagram.com\\\/romexpo\\\/\",\"https:\\\/\\\/www.youtube.com\\\/@RomexpoBucuresti\"]}]}<\/script>\n<!-- \/ Yoast SEO plugin. -->","yoast_head_json":{"title":"ROMEXPO APP - COSMETICS BEAUTY HAIR 2025","robots":{"index":"index","follow":"follow","max-snippet":"max-snippet:-1","max-image-preview":"max-image-preview:large","max-video-preview":"max-video-preview:-1"},"canonical":"https:\/\/cosmeticsbeautyhair.ro\/en\/romexpo-app\/","og_locale":"en_US","og_type":"article","og_title":"ROMEXPO APP - COSMETICS BEAUTY HAIR 2025","og_url":"https:\/\/cosmeticsbeautyhair.ro\/en\/romexpo-app\/","og_site_name":"COSMETICS BEAUTY HAIR 2025","article_publisher":"https:\/\/www.facebook.com\/RomexpoSA","og_image":[{"url":"https:\/\/s.w.org\/images\/core\/emoji\/16.0.1\/svg\/1f449.svg","type":"","width":"","height":""}],"twitter_card":"summary_large_image","twitter_misc":{"Est. reading time":"1 minute"},"schema":{"@context":"https:\/\/schema.org","@graph":[{"@type":"WebPage","@id":"https:\/\/cosmeticsbeautyhair.ro\/romexpo-app\/","url":"https:\/\/cosmeticsbeautyhair.ro\/romexpo-app\/","name":"ROMEXPO APP - COSMETICS BEAUTY HAIR 2025","isPartOf":{"@id":"https:\/\/cosmeticsbeautyhair.ro\/#website"},"primaryImageOfPage":{"@id":"https:\/\/cosmeticsbeautyhair.ro\/romexpo-app\/#primaryimage"},"image":{"@id":"https:\/\/cosmeticsbeautyhair.ro\/romexpo-app\/#primaryimage"},"thumbnailUrl":"https:\/\/s.w.org\/images\/core\/emoji\/16.0.1\/svg\/1f449.svg","datePublished":"2025-08-22T07:44:14+00:00","breadcrumb":{"@id":"https:\/\/cosmeticsbeautyhair.ro\/romexpo-app\/#breadcrumb"},"inLanguage":"en-US","potentialAction":[{"@type":"ReadAction","target":["https:\/\/cosmeticsbeautyhair.ro\/romexpo-app\/"]}]},{"@type":"ImageObject","inLanguage":"en-US","@id":"https:\/\/cosmeticsbeautyhair.ro\/romexpo-app\/#primaryimage","url":"https:\/\/s.w.org\/images\/core\/emoji\/16.0.1\/svg\/1f449.svg","contentUrl":"https:\/\/s.w.org\/images\/core\/emoji\/16.0.1\/svg\/1f449.svg"},{"@type":"BreadcrumbList","@id":"https:\/\/cosmeticsbeautyhair.ro\/romexpo-app\/#breadcrumb","itemListElement":[{"@type":"ListItem","position":1,"name":"Home","item":"https:\/\/cosmeticsbeautyhair.ro\/"},{"@type":"ListItem","position":2,"name":"ROMEXPO APP"}]},{"@type":"WebSite","@id":"https:\/\/cosmeticsbeautyhair.ro\/#website","url":"https:\/\/cosmeticsbeautyhair.ro\/","name":"Cosmetics Beauty Hair","description":"COSMETICS BEAUTY HAIR 2025","publisher":{"@id":"https:\/\/cosmeticsbeautyhair.ro\/#organization"},"potentialAction":[{"@type":"SearchAction","target":{"@type":"EntryPoint","urlTemplate":"https:\/\/cosmeticsbeautyhair.ro\/?s={search_term_string}"},"query-input":{"@type":"PropertyValueSpecification","valueRequired":true,"valueName":"search_term_string"}}],"inLanguage":"en-US"},{"@type":"Organization","@id":"https:\/\/cosmeticsbeautyhair.ro\/#organization","name":"Cosmetics Beauty Hair","url":"https:\/\/cosmeticsbeautyhair.ro\/","logo":{"@type":"ImageObject","inLanguage":"en-US","@id":"https:\/\/cosmeticsbeautyhair.ro\/#\/schema\/logo\/image\/","url":"https:\/\/cosmeticsbeautyhair.ro\/wp-content\/uploads\/2025\/06\/Cosmetics-Sigla-1.png","contentUrl":"https:\/\/cosmeticsbeautyhair.ro\/wp-content\/uploads\/2025\/06\/Cosmetics-Sigla-1.png","width":191,"height":91,"caption":"Cosmetics Beauty Hair"},"image":{"@id":"https:\/\/cosmeticsbeautyhair.ro\/#\/schema\/logo\/image\/"},"sameAs":["https:\/\/www.facebook.com\/RomexpoSA","https:\/\/www.linkedin.com\/company\/romexpo-bucuresti","https:\/\/www.instagram.com\/romexpo\/","https:\/\/www.youtube.com\/@RomexpoBucuresti"]}]}},"jetpack_sharing_enabled":true,"_links":{"self":[{"href":"https:\/\/cosmeticsbeautyhair.ro\/en\/wp-json\/wp\/v2\/pages\/1681","targetHints":{"allow":["GET"]}}],"collection":[{"href":"https:\/\/cosmeticsbeautyhair.ro\/en\/wp-json\/wp\/v2\/pages"}],"about":[{"href":"https:\/\/cosmeticsbeautyhair.ro\/en\/wp-json\/wp\/v2\/types\/page"}],"author":[{"embeddable":true,"href":"https:\/\/cosmeticsbeautyhair.ro\/en\/wp-json\/wp\/v2\/users\/1"}],"replies":[{"embeddable":true,"href":"https:\/\/cosmeticsbeautyhair.ro\/en\/wp-json\/wp\/v2\/comments?post=1681"}],"version-history":[{"count":1,"href":"https:\/\/cosmeticsbeautyhair.ro\/en\/wp-json\/wp\/v2\/pages\/1681\/revisions"}],"predecessor-version":[{"id":1682,"href":"https:\/\/cosmeticsbeautyhair.ro\/en\/wp-json\/wp\/v2\/pages\/1681\/revisions\/1682"}],"wp:attachment":[{"href":"https:\/\/cosmeticsbeautyhair.ro\/en\/wp-json\/wp\/v2\/media?parent=1681"}],"curies":[{"name":"wp","href":"https:\/\/api.w.org\/{rel}","templated":true}]}}