{"id":1561,"date":"2025-06-03T17:12:06","date_gmt":"2025-06-03T14:12:06","guid":{"rendered":"https:\/\/cosmeticsbeautyhair.ro\/?page_id=1561"},"modified":"2026-03-25T14:50:09","modified_gmt":"2026-03-25T12:50:09","slug":"info-vizitatori","status":"publish","type":"page","link":"https:\/\/cosmeticsbeautyhair.ro\/en\/info-vizitatori\/","title":{"rendered":"Info visitors"},"content":{"rendered":"<div class=\"wpb-content-wrapper\"><div class=\"vc_row wpb_row vc_row-fluid vc_custom_1561964015799 vc_row-o-equal-height vc_row-o-content-middle vc_row-flex\"><div class=\"wpb_column vc_column_container vc_col-sm-6\"><div class=\"vc_column-inner vc_custom_1561963982378\"><div class=\"wpb_wrapper\"><div id=\"ultimate-heading-711569f7e4d0b6866\" class=\"uvc-heading ult-adjust-bottom-margin ultimate-heading-711569f7e4d0b6866 uvc-2830  uvc-heading-default-font-sizes\" data-hspacer=\"no_spacer\"  data-halign=\"left\" style=\"text-align:left\"><div class=\"uvc-heading-spacer no_spacer\" style=\"top\"><\/div><div class=\"uvc-sub-heading ult-responsive\"  data-ultimate-target='.uvc-heading.ultimate-heading-711569f7e4d0b6866 .uvc-sub-heading '  data-responsive-json-new='{\"font-size\":\"\",\"line-height\":\"\"}'  style=\"font-weight:normal;\"><\/p>\n<p style=\"text-align: justify;\" class=\"translation-block\"><strong>COSMETICS BEAUTY HAIR 2025<\/strong> comes in a completely reinvented format, more dynamic, more interactive, closer to the expectations of brands and professionals who give color to this industry.<\/p>\n<p style=\"text-align: justify;\">We looked at what beauty means today. How it expresses itself, how it connects, how it inspires. And we built a concept that puts live action, real interaction, and authentic experience at the center. This year, we're not just talking about a new event. We're talking about a movement. A transformation. A stage that belongs to you.<\/p>\n<p><\/div><\/div><\/div><\/div><\/div><div class=\"wpb_column vc_column_container vc_col-sm-6\"><div class=\"vc_column-inner\"><div class=\"wpb_wrapper\">\n\t<div  class=\"wpb_single_image wpb_content_element vc_align_left  vc_custom_1748953011606\">\n\t\t\n\t\t<figure class=\"wpb_wrapper vc_figure\">\n\t\t\t<div class=\"vc_single_image-wrapper   vc_box_border_grey\"><img loading=\"lazy\" decoding=\"async\" width=\"2560\" height=\"1702\" src=\"https:\/\/cosmeticsbeautyhair.ro\/wp-content\/uploads\/2025\/06\/DSC_1118-scaled.jpg\" class=\"vc_single_image-img attachment-full\" alt=\"\" title=\"DSC_1118\" srcset=\"https:\/\/cosmeticsbeautyhair.ro\/wp-content\/uploads\/2025\/06\/DSC_1118-scaled.jpg 2560w, https:\/\/cosmeticsbeautyhair.ro\/wp-content\/uploads\/2025\/06\/DSC_1118-300x199.jpg 300w, https:\/\/cosmeticsbeautyhair.ro\/wp-content\/uploads\/2025\/06\/DSC_1118-1024x681.jpg 1024w, https:\/\/cosmeticsbeautyhair.ro\/wp-content\/uploads\/2025\/06\/DSC_1118-768x511.jpg 768w, https:\/\/cosmeticsbeautyhair.ro\/wp-content\/uploads\/2025\/06\/DSC_1118-1536x1021.jpg 1536w, https:\/\/cosmeticsbeautyhair.ro\/wp-content\/uploads\/2025\/06\/DSC_1118-2048x1362.jpg 2048w\" sizes=\"auto, (max-width: 2560px) 100vw, 2560px\"  data-dt-location=\"https:\/\/cosmeticsbeautyhair.ro\/en\/info-expozanti\/dsc_1118\/\" \/><\/div>\n\t\t<\/figure>\n\t<\/div>\n<\/div><\/div><\/div><\/div><div class=\"vc_row wpb_row vc_row-fluid vc_custom_1561964153013 vc_row-o-equal-height vc_row-o-content-middle vc_row-flex\"><div class=\"wpb_column vc_column_container vc_col-sm-6\"><div class=\"vc_column-inner\"><div class=\"wpb_wrapper\">\n\t<div  class=\"wpb_single_image wpb_content_element vc_align_left  vc_custom_1748953059629\">\n\t\t\n\t\t<figure class=\"wpb_wrapper vc_figure\">\n\t\t\t<div class=\"vc_single_image-wrapper   vc_box_border_grey\"><img loading=\"lazy\" decoding=\"async\" width=\"2560\" height=\"1702\" src=\"https:\/\/cosmeticsbeautyhair.ro\/wp-content\/uploads\/2025\/06\/DSC_0771-scaled.jpg\" class=\"vc_single_image-img attachment-full\" alt=\"\" title=\"DSC_0771\" srcset=\"https:\/\/cosmeticsbeautyhair.ro\/wp-content\/uploads\/2025\/06\/DSC_0771-scaled.jpg 2560w, https:\/\/cosmeticsbeautyhair.ro\/wp-content\/uploads\/2025\/06\/DSC_0771-300x199.jpg 300w, https:\/\/cosmeticsbeautyhair.ro\/wp-content\/uploads\/2025\/06\/DSC_0771-1024x681.jpg 1024w, https:\/\/cosmeticsbeautyhair.ro\/wp-content\/uploads\/2025\/06\/DSC_0771-768x511.jpg 768w, https:\/\/cosmeticsbeautyhair.ro\/wp-content\/uploads\/2025\/06\/DSC_0771-1536x1021.jpg 1536w, https:\/\/cosmeticsbeautyhair.ro\/wp-content\/uploads\/2025\/06\/DSC_0771-2048x1362.jpg 2048w\" sizes=\"auto, (max-width: 2560px) 100vw, 2560px\"  data-dt-location=\"https:\/\/cosmeticsbeautyhair.ro\/en\/info-expozanti\/dsc_0771\/\" \/><\/div>\n\t\t<\/figure>\n\t<\/div>\n<\/div><\/div><\/div><div class=\"wpb_column vc_column_container vc_col-sm-6\"><div class=\"vc_column-inner vc_custom_1562003166274\"><div class=\"wpb_wrapper\"><div id=\"ultimate-heading-18269f7e4d0b7d5d\" class=\"uvc-heading ult-adjust-bottom-margin ultimate-heading-18269f7e4d0b7d5d uvc-8748  uvc-heading-default-font-sizes\" data-hspacer=\"no_spacer\"  data-halign=\"left\" style=\"text-align:left\"><div class=\"uvc-heading-spacer no_spacer\" style=\"top\"><\/div><div class=\"uvc-sub-heading ult-responsive\"  data-ultimate-target='.uvc-heading.ultimate-heading-18269f7e4d0b7d5d .uvc-sub-heading '  data-responsive-json-new='{\"font-size\":\"\",\"line-height\":\"\"}'  style=\"font-weight:normal;\">October 01 \u2013 03, 2026 (Thursday \u2013 Saturday), time interval 10:00 \u2013 18:00<br \/>\nOctober 04, 2026 (Sunday), time interval 10:00 \u2013 16:00<br \/>\nPedestrian access: Gates A and B<br \/>\nEntrance ticket: 20 lei\/day<br \/>\nCar access: Parking B and C<br \/>\nTarif parcare: 10 lei\/ora<br \/>\nB1 Hall<\/div><\/div><\/div><\/div><\/div><\/div>\n<\/div>","protected":false},"excerpt":{"rendered":"<p>COSMETICS BEAUTY HAIR 2025\u00a0vine \u00eentr-un format complet reinventat, mai dinamic, mai interactiv, mai aproape de a\u0219tept\u0103rile brandurilor \u0219i ale profesioni\u0219tilor care dau culoare acestei industrii. Ne-am uitat la ce \u00eenseamn\u0103 ast\u0103zi frumuse\u021bea. La cum se exprim\u0103, cum se conecteaz\u0103, cum inspir\u0103. \u0218i am construit un concept care pune \u00een centrul aten\u021biei ac\u021biunea live, interac\u021biunea real\u0103&hellip;<\/p>","protected":false},"author":1,"featured_media":0,"parent":0,"menu_order":0,"comment_status":"closed","ping_status":"closed","template":"","meta":{"_monsterinsights_skip_tracking":false,"_monsterinsights_sitenote_active":false,"_monsterinsights_sitenote_note":"","_monsterinsights_sitenote_category":0,"_uf_show_specific_survey":0,"_uf_disable_surveys":false,"footnotes":""},"class_list":["post-1561","page","type-page","status-publish","hentry","description-off"],"aioseo_notices":[],"yoast_head":"<!-- This site is optimized with the Yoast SEO plugin v27.5 - https:\/\/yoast.com\/product\/yoast-seo-wordpress\/ -->\n<title>Info vizitatori - COSMETICS BEAUTY HAIR 2025<\/title>\n<meta name=\"robots\" content=\"index, follow, max-snippet:-1, max-image-preview:large, max-video-preview:-1\" \/>\n<link rel=\"canonical\" href=\"https:\/\/cosmeticsbeautyhair.ro\/en\/info-vizitatori\/\" \/>\n<meta property=\"og:locale\" content=\"en_US\" \/>\n<meta property=\"og:type\" content=\"article\" \/>\n<meta property=\"og:title\" content=\"Info vizitatori - COSMETICS BEAUTY HAIR 2025\" \/>\n<meta property=\"og:url\" content=\"https:\/\/cosmeticsbeautyhair.ro\/en\/info-vizitatori\/\" \/>\n<meta property=\"og:site_name\" content=\"COSMETICS BEAUTY HAIR 2025\" \/>\n<meta property=\"article:publisher\" content=\"https:\/\/www.facebook.com\/RomexpoSA\" \/>\n<meta property=\"article:modified_time\" content=\"2026-03-25T12:50:09+00:00\" \/>\n<meta name=\"twitter:card\" content=\"summary_large_image\" \/>\n<meta name=\"twitter:label1\" content=\"Est. reading time\" \/>\n\t<meta name=\"twitter:data1\" content=\"1 minute\" \/>\n<script type=\"application\/ld+json\" class=\"yoast-schema-graph\">{\"@context\":\"https:\\\/\\\/schema.org\",\"@graph\":[{\"@type\":\"WebPage\",\"@id\":\"https:\\\/\\\/cosmeticsbeautyhair.ro\\\/info-vizitatori\\\/\",\"url\":\"https:\\\/\\\/cosmeticsbeautyhair.ro\\\/info-vizitatori\\\/\",\"name\":\"Info vizitatori - COSMETICS BEAUTY HAIR 2025\",\"isPartOf\":{\"@id\":\"https:\\\/\\\/cosmeticsbeautyhair.ro\\\/#website\"},\"datePublished\":\"2025-06-03T14:12:06+00:00\",\"dateModified\":\"2026-03-25T12:50:09+00:00\",\"breadcrumb\":{\"@id\":\"https:\\\/\\\/cosmeticsbeautyhair.ro\\\/info-vizitatori\\\/#breadcrumb\"},\"inLanguage\":\"en-US\",\"potentialAction\":[{\"@type\":\"ReadAction\",\"target\":[\"https:\\\/\\\/cosmeticsbeautyhair.ro\\\/info-vizitatori\\\/\"]}]},{\"@type\":\"BreadcrumbList\",\"@id\":\"https:\\\/\\\/cosmeticsbeautyhair.ro\\\/info-vizitatori\\\/#breadcrumb\",\"itemListElement\":[{\"@type\":\"ListItem\",\"position\":1,\"name\":\"Home\",\"item\":\"https:\\\/\\\/cosmeticsbeautyhair.ro\\\/\"},{\"@type\":\"ListItem\",\"position\":2,\"name\":\"Info vizitatori\"}]},{\"@type\":\"WebSite\",\"@id\":\"https:\\\/\\\/cosmeticsbeautyhair.ro\\\/#website\",\"url\":\"https:\\\/\\\/cosmeticsbeautyhair.ro\\\/\",\"name\":\"Cosmetics Beauty Hair\",\"description\":\"COSMETICS BEAUTY HAIR 2025\",\"publisher\":{\"@id\":\"https:\\\/\\\/cosmeticsbeautyhair.ro\\\/#organization\"},\"potentialAction\":[{\"@type\":\"SearchAction\",\"target\":{\"@type\":\"EntryPoint\",\"urlTemplate\":\"https:\\\/\\\/cosmeticsbeautyhair.ro\\\/?s={search_term_string}\"},\"query-input\":{\"@type\":\"PropertyValueSpecification\",\"valueRequired\":true,\"valueName\":\"search_term_string\"}}],\"inLanguage\":\"en-US\"},{\"@type\":\"Organization\",\"@id\":\"https:\\\/\\\/cosmeticsbeautyhair.ro\\\/#organization\",\"name\":\"Cosmetics Beauty Hair\",\"url\":\"https:\\\/\\\/cosmeticsbeautyhair.ro\\\/\",\"logo\":{\"@type\":\"ImageObject\",\"inLanguage\":\"en-US\",\"@id\":\"https:\\\/\\\/cosmeticsbeautyhair.ro\\\/#\\\/schema\\\/logo\\\/image\\\/\",\"url\":\"https:\\\/\\\/cosmeticsbeautyhair.ro\\\/wp-content\\\/uploads\\\/2025\\\/06\\\/Cosmetics-Sigla-1.png\",\"contentUrl\":\"https:\\\/\\\/cosmeticsbeautyhair.ro\\\/wp-content\\\/uploads\\\/2025\\\/06\\\/Cosmetics-Sigla-1.png\",\"width\":191,\"height\":91,\"caption\":\"Cosmetics Beauty Hair\"},\"image\":{\"@id\":\"https:\\\/\\\/cosmeticsbeautyhair.ro\\\/#\\\/schema\\\/logo\\\/image\\\/\"},\"sameAs\":[\"https:\\\/\\\/www.facebook.com\\\/RomexpoSA\",\"https:\\\/\\\/www.linkedin.com\\\/company\\\/romexpo-bucuresti\",\"https:\\\/\\\/www.instagram.com\\\/romexpo\\\/\",\"https:\\\/\\\/www.youtube.com\\\/@RomexpoBucuresti\"]}]}<\/script>\n<!-- \/ Yoast SEO plugin. -->","yoast_head_json":{"title":"Info vizitatori - COSMETICS BEAUTY HAIR 2025","robots":{"index":"index","follow":"follow","max-snippet":"max-snippet:-1","max-image-preview":"max-image-preview:large","max-video-preview":"max-video-preview:-1"},"canonical":"https:\/\/cosmeticsbeautyhair.ro\/en\/info-vizitatori\/","og_locale":"en_US","og_type":"article","og_title":"Info vizitatori - COSMETICS BEAUTY HAIR 2025","og_url":"https:\/\/cosmeticsbeautyhair.ro\/en\/info-vizitatori\/","og_site_name":"COSMETICS BEAUTY HAIR 2025","article_publisher":"https:\/\/www.facebook.com\/RomexpoSA","article_modified_time":"2026-03-25T12:50:09+00:00","twitter_card":"summary_large_image","twitter_misc":{"Est. reading time":"1 minute"},"schema":{"@context":"https:\/\/schema.org","@graph":[{"@type":"WebPage","@id":"https:\/\/cosmeticsbeautyhair.ro\/info-vizitatori\/","url":"https:\/\/cosmeticsbeautyhair.ro\/info-vizitatori\/","name":"Info vizitatori - COSMETICS BEAUTY HAIR 2025","isPartOf":{"@id":"https:\/\/cosmeticsbeautyhair.ro\/#website"},"datePublished":"2025-06-03T14:12:06+00:00","dateModified":"2026-03-25T12:50:09+00:00","breadcrumb":{"@id":"https:\/\/cosmeticsbeautyhair.ro\/info-vizitatori\/#breadcrumb"},"inLanguage":"en-US","potentialAction":[{"@type":"ReadAction","target":["https:\/\/cosmeticsbeautyhair.ro\/info-vizitatori\/"]}]},{"@type":"BreadcrumbList","@id":"https:\/\/cosmeticsbeautyhair.ro\/info-vizitatori\/#breadcrumb","itemListElement":[{"@type":"ListItem","position":1,"name":"Home","item":"https:\/\/cosmeticsbeautyhair.ro\/"},{"@type":"ListItem","position":2,"name":"Info vizitatori"}]},{"@type":"WebSite","@id":"https:\/\/cosmeticsbeautyhair.ro\/#website","url":"https:\/\/cosmeticsbeautyhair.ro\/","name":"Cosmetics Beauty Hair","description":"COSMETICS BEAUTY HAIR 2025","publisher":{"@id":"https:\/\/cosmeticsbeautyhair.ro\/#organization"},"potentialAction":[{"@type":"SearchAction","target":{"@type":"EntryPoint","urlTemplate":"https:\/\/cosmeticsbeautyhair.ro\/?s={search_term_string}"},"query-input":{"@type":"PropertyValueSpecification","valueRequired":true,"valueName":"search_term_string"}}],"inLanguage":"en-US"},{"@type":"Organization","@id":"https:\/\/cosmeticsbeautyhair.ro\/#organization","name":"Cosmetics Beauty Hair","url":"https:\/\/cosmeticsbeautyhair.ro\/","logo":{"@type":"ImageObject","inLanguage":"en-US","@id":"https:\/\/cosmeticsbeautyhair.ro\/#\/schema\/logo\/image\/","url":"https:\/\/cosmeticsbeautyhair.ro\/wp-content\/uploads\/2025\/06\/Cosmetics-Sigla-1.png","contentUrl":"https:\/\/cosmeticsbeautyhair.ro\/wp-content\/uploads\/2025\/06\/Cosmetics-Sigla-1.png","width":191,"height":91,"caption":"Cosmetics Beauty Hair"},"image":{"@id":"https:\/\/cosmeticsbeautyhair.ro\/#\/schema\/logo\/image\/"},"sameAs":["https:\/\/www.facebook.com\/RomexpoSA","https:\/\/www.linkedin.com\/company\/romexpo-bucuresti","https:\/\/www.instagram.com\/romexpo\/","https:\/\/www.youtube.com\/@RomexpoBucuresti"]}]}},"jetpack_sharing_enabled":true,"_links":{"self":[{"href":"https:\/\/cosmeticsbeautyhair.ro\/en\/wp-json\/wp\/v2\/pages\/1561","targetHints":{"allow":["GET"]}}],"collection":[{"href":"https:\/\/cosmeticsbeautyhair.ro\/en\/wp-json\/wp\/v2\/pages"}],"about":[{"href":"https:\/\/cosmeticsbeautyhair.ro\/en\/wp-json\/wp\/v2\/types\/page"}],"author":[{"embeddable":true,"href":"https:\/\/cosmeticsbeautyhair.ro\/en\/wp-json\/wp\/v2\/users\/1"}],"replies":[{"embeddable":true,"href":"https:\/\/cosmeticsbeautyhair.ro\/en\/wp-json\/wp\/v2\/comments?post=1561"}],"version-history":[{"count":8,"href":"https:\/\/cosmeticsbeautyhair.ro\/en\/wp-json\/wp\/v2\/pages\/1561\/revisions"}],"predecessor-version":[{"id":1792,"href":"https:\/\/cosmeticsbeautyhair.ro\/en\/wp-json\/wp\/v2\/pages\/1561\/revisions\/1792"}],"wp:attachment":[{"href":"https:\/\/cosmeticsbeautyhair.ro\/en\/wp-json\/wp\/v2\/media?parent=1561"}],"curies":[{"name":"wp","href":"https:\/\/api.w.org\/{rel}","templated":true}]}}